{"id":3337,"date":"2019-08-23T06:54:47","date_gmt":"2019-08-23T03:54:47","guid":{"rendered":"https:\/\/euronatuurarch.be\/home-2"},"modified":"2025-02-08T02:04:07","modified_gmt":"2025-02-07T23:04:07","slug":"home-2","status":"publish","type":"page","link":"https:\/\/euronatuurarch.be\/fr","title":{"rendered":"Page d&#8217;accueil"},"content":{"rendered":"<div class=\"wpb-content-wrapper\"><p>[vc_row content_placement=&#8221;middle&#8221; css=&#8221;.vc_custom_1580471293723{margin-right: 0px !important;margin-left: 0px !important;padding-top: 90px !important;padding-bottom: 90px !important;}&#8221;][vc_column parallax=&#8221;content-moving&#8221; parallax_image=&#8221;2302&#8243; width=&#8221;1\/2&#8243; css=&#8221;.vc_custom_1656042740872{margin-top: -60px !important;margin-right: 0px !important;padding-top: 200px !important;padding-right: 0px !important;padding-bottom: 200px !important;}&#8221;][\/vc_column][vc_column width=&#8221;1\/2&#8243; css=&#8221;.vc_custom_1580473381675{padding-top: 90px !important;padding-right: 12% !important;padding-bottom: 90px !important;padding-left: 12% !important;background-color: #ffffff !important;}&#8221;]<div id=\"ultimate-heading-457469d63f30b49f8\" class=\"uvc-heading ult-adjust-bottom-margin ultimate-heading-457469d63f30b49f8 uvc-1953  uvc-heading-default-font-sizes\" data-hspacer=\"no_spacer\"  data-halign=\"left\" style=\"text-align:left\"><div class=\"uvc-heading-spacer no_spacer\" style=\"top\"><\/div><div class=\"uvc-main-heading ult-responsive\"  data-ultimate-target='.uvc-heading.ultimate-heading-457469d63f30b49f8 p'  data-responsive-json-new='{\"font-size\":\"\",\"line-height\":\"\"}' ><p style=\"--font-weight:theme;margin-bottom:20px;\">Bienvenue sur le site de Euro Natuur Architect<\/p><\/div><div class=\"uvc-sub-heading ult-responsive\"  data-ultimate-target='.uvc-heading.ultimate-heading-457469d63f30b49f8 .uvc-sub-heading '  data-responsive-json-new='{\"font-size\":\"\",\"line-height\":\"\"}'  style=\"font-weight:normal;margin-bottom:35px;\"><\/p>\n<h2 class=\"fancy-subtitle start-animation-done start-animation\">Avec nos services,<br \/>\nVous retrouverez le calme et la joie de vivre que vous recherchez dans votre maison.<\/h2>\n<p><\/div><\/div>[vc_column_text css=&#8221;.vc_custom_1736598100810{margin-bottom: 30px !important;}&#8221;]<\/p>\n<p style=\"text-align: left;\">La fra\u00eecheur des oc\u00e9ans, la fra\u00eecheur des for\u00eats d&#8217;Amazonie et bien d&#8217;autres environnements paisibles peuvent \u00eatre r\u00e9alis\u00e9s dans vos espaces de vie gr\u00e2ce aux services que nous vous proposons. Parce que votre sourire nous est tr\u00e8s pr\u00e9cieux.<\/p>\n<p>[\/vc_column_text][\/vc_column][\/vc_row][vc_row full_width=&#8221;stretch_row&#8221; content_placement=&#8221;middle&#8221; bg_type=&#8221;image&#8221; parallax_style=&#8221;vcpb-vz-jquery&#8221; bg_image_new=&#8221;id^2371|url^https:\/\/euronatuurarch.be\/wp-content\/uploads\/2022\/06\/1-4.jpg|caption^null|alt^null|title^1|description^null&#8221; bg_image_repeat=&#8221;repeat-y&#8221; parallax_sense=&#8221;60&#8243; bg_override=&#8221;full&#8221; enable_overlay=&#8221;enable_overlay_value&#8221; overlay_color=&#8221;rgba(0,0,0,0.5)&#8221; css=&#8221;.vc_custom_1656045703706{margin-bottom: 80px !important;padding-top: 90px !important;padding-bottom: 50px !important;}&#8221;][vc_column width=&#8221;5\/6&#8243; offset=&#8221;vc_col-lg-offset-1 vc_col-lg-10 vc_col-md-offset-1 vc_col-md-10 vc_col-sm-offset-1&#8243;]<div id=\"ultimate-heading-980069d63f30b4a50\" class=\"uvc-heading ult-adjust-bottom-margin ultimate-heading-980069d63f30b4a50 uvc-8645  uvc-heading-default-font-sizes\" data-hspacer=\"no_spacer\"  data-halign=\"center\" style=\"text-align:center\"><div class=\"uvc-heading-spacer no_spacer\" style=\"top\"><\/div><div class=\"uvc-main-heading ult-responsive\"  data-ultimate-target='.uvc-heading.ultimate-heading-980069d63f30b4a50 p'  data-responsive-json-new='{\"font-size\":\"\",\"line-height\":\"\"}' ><p style=\"--font-weight:theme;color:#ffffff;margin-bottom:20px;\">B\u00e9n\u00e9ficier de l'am\u00e9nagement int\u00e9rieur et des applications 2025<\/p><\/div><div class=\"uvc-sub-heading ult-responsive\"  data-ultimate-target='.uvc-heading.ultimate-heading-980069d63f30b4a50 .uvc-sub-heading '  data-responsive-json-new='{\"font-size\":\"\",\"line-height\":\"\"}'  style=\"font-weight:normal;color:#ffffff;margin-bottom:20px;\"><\/p>\n<h2><span style=\"color: #ffffff;\">Veuillez remplir notre formulaire de demande. Nous vous rappellerons. <\/span><\/h2>\n<p><\/div><\/div><span id=\"creative-link-wrap-5159\" class=\"ult_main_cl ult-adjust-bottom-margin  \" >\n\t \t\t\t<span class=\"ult_cl_link_3  ult_crlink\" >\n\t\t\t\t\t<a  data-ultimate-target='#creative-link-wrap-5159 .ult_colorlink'  data-responsive-json-new='{\"font-size\":\"\",\"line-height\":\"\"}'  href=\"https:\/\/euronatuurarch.be\/demande-de-renovation\" title=\"Demande de r\u00e9novation\"  class=\"ult_colorlink ult-responsive  vc_custom_1736608810008\" style=\"font-weight:normal; \"  data-textcolor=\"#ffffff\" data-texthover=\"#ffffff\"data-style=\"Style_3\">\n\t\t\t\t\t\t\n\t\t\t\t\t\t<span data-hover=\"Formulaire de demande de modification de construction\" style=\"color:#ffffff;;;\" class=\"ult_btn10_span   \">Formulaire de demande de modification de construction<\/span>\n\t\t\t\t\t\t<span class=\"ult_link_btm3 \" style=\"border-color:#ffffff;border-bottom-width:2px;border-style:solid;\"><\/span>\n\t\t\t\t\t<\/a>\n\t\t\t\t<\/span>\n\t\t\t<\/span>[\/vc_column][\/vc_row]<\/p>\n<\/div>","protected":false},"excerpt":{"rendered":"<p>[vc_row content_placement=&#8221;middle&#8221; css=&#8221;.vc_custom_1580471293723{margin-right: 0px !important;margin-left: 0px !important;padding-top: 90px !important;padding-bottom: 90px !important;}&#8221;][vc_column parallax=&#8221;content-moving&#8221; parallax_image=&#8221;2302&#8243; width=&#8221;1\/2&#8243; css=&#8221;.vc_custom_1656042740872{margin-top: -60px !important;margin-right: 0px !important;padding-top: 200px !important;padding-right: 0px !important;padding-bottom: 200px !important;}&#8221;][\/vc_column][vc_column width=&#8221;1\/2&#8243; css=&#8221;.vc_custom_1580473381675{padding-top: 90px !important;padding-right: 12% !important;padding-bottom: 90px !important;padding-left: 12% !important;background-color: #ffffff !important;}&#8221;][vc_column_text css=&#8221;.vc_custom_1736598100810{margin-bottom: 30px !important;}&#8221;] La fra\u00eecheur des oc\u00e9ans, la fra\u00eecheur des for\u00eats d&#8217;Amazonie et bien d&#8217;autres environnements paisibles peuvent&hellip;<\/p>\n","protected":false},"author":1,"featured_media":0,"parent":0,"menu_order":0,"comment_status":"closed","ping_status":"closed","template":"","meta":{"footnotes":""},"class_list":["post-3337","page","type-page","status-publish","hentry","description-off"],"yoast_head":"<!-- This site is optimized with the Yoast SEO plugin v24.4 - https:\/\/yoast.com\/wordpress\/plugins\/seo\/ -->\n<title>Page d&#039;accueil - Euro Natuur Architect<\/title>\n<meta name=\"robots\" content=\"index, follow, max-snippet:-1, max-image-preview:large, max-video-preview:-1\" \/>\n<link rel=\"canonical\" href=\"https:\/\/euronatuurarch.be\/fr\" \/>\n<meta property=\"og:locale\" content=\"fr_FR\" \/>\n<meta property=\"og:type\" content=\"article\" \/>\n<meta property=\"og:title\" content=\"Page d&#039;accueil - Euro Natuur Architect\" \/>\n<meta property=\"og:description\" content=\"[vc_row content_placement=&#8221;middle&#8221; css=&#8221;.vc_custom_1580471293723{margin-right: 0px !important;margin-left: 0px !important;padding-top: 90px !important;padding-bottom: 90px !important;}&#8221;][vc_column parallax=&#8221;content-moving&#8221; parallax_image=&#8221;2302&#8243; width=&#8221;1\/2&#8243; css=&#8221;.vc_custom_1656042740872{margin-top: -60px !important;margin-right: 0px !important;padding-top: 200px !important;padding-right: 0px !important;padding-bottom: 200px !important;}&#8221;][\/vc_column][vc_column width=&#8221;1\/2&#8243; css=&#8221;.vc_custom_1580473381675{padding-top: 90px !important;padding-right: 12% !important;padding-bottom: 90px !important;padding-left: 12% !important;background-color: #ffffff !important;}&#8221;][vc_column_text css=&#8221;.vc_custom_1736598100810{margin-bottom: 30px !important;}&#8221;] La fra\u00eecheur des oc\u00e9ans, la fra\u00eecheur des for\u00eats d&#8217;Amazonie et bien d&#8217;autres environnements paisibles peuvent&hellip;\" \/>\n<meta property=\"og:url\" content=\"https:\/\/euronatuurarch.be\/fr\" \/>\n<meta property=\"og:site_name\" content=\"Euro Natuur Architect\" \/>\n<meta property=\"article:modified_time\" content=\"2025-02-07T23:04:07+00:00\" \/>\n<meta name=\"twitter:card\" content=\"summary_large_image\" \/>\n<meta name=\"twitter:label1\" content=\"Dur\u00e9e de lecture estim\u00e9e\" \/>\n\t<meta name=\"twitter:data1\" content=\"2 minutes\" \/>\n<script type=\"application\/ld+json\" class=\"yoast-schema-graph\">{\"@context\":\"https:\/\/schema.org\",\"@graph\":[{\"@type\":\"WebPage\",\"@id\":\"https:\/\/euronatuurarch.be\/fr\",\"url\":\"https:\/\/euronatuurarch.be\/fr\",\"name\":\"Page d'accueil - Euro Natuur Architect\",\"isPartOf\":{\"@id\":\"https:\/\/euronatuurarch.be\/#website\"},\"datePublished\":\"2019-08-23T03:54:47+00:00\",\"dateModified\":\"2025-02-07T23:04:07+00:00\",\"breadcrumb\":{\"@id\":\"https:\/\/euronatuurarch.be\/fr#breadcrumb\"},\"inLanguage\":\"fr-FR\",\"potentialAction\":[{\"@type\":\"ReadAction\",\"target\":[\"https:\/\/euronatuurarch.be\/fr\"]}]},{\"@type\":\"BreadcrumbList\",\"@id\":\"https:\/\/euronatuurarch.be\/fr#breadcrumb\",\"itemListElement\":[{\"@type\":\"ListItem\",\"position\":1,\"name\":\"Accueil\",\"item\":\"https:\/\/euronatuurarch.be\/fr\"},{\"@type\":\"ListItem\",\"position\":2,\"name\":\"Page d&#8217;accueil\"}]},{\"@type\":\"WebSite\",\"@id\":\"https:\/\/euronatuurarch.be\/#website\",\"url\":\"https:\/\/euronatuurarch.be\/\",\"name\":\"Euro Natuur Architect\",\"description\":\"The story of the smile in architecture and design\",\"publisher\":{\"@id\":\"https:\/\/euronatuurarch.be\/#organization\"},\"potentialAction\":[{\"@type\":\"SearchAction\",\"target\":{\"@type\":\"EntryPoint\",\"urlTemplate\":\"https:\/\/euronatuurarch.be\/?s={search_term_string}\"},\"query-input\":{\"@type\":\"PropertyValueSpecification\",\"valueRequired\":true,\"valueName\":\"search_term_string\"}}],\"inLanguage\":\"fr-FR\"},{\"@type\":\"Organization\",\"@id\":\"https:\/\/euronatuurarch.be\/#organization\",\"name\":\"Euro Natuur Architect\",\"url\":\"https:\/\/euronatuurarch.be\/\",\"logo\":{\"@type\":\"ImageObject\",\"inLanguage\":\"fr-FR\",\"@id\":\"https:\/\/euronatuurarch.be\/#\/schema\/logo\/image\/\",\"url\":\"https:\/\/euronatuurarch.be\/wp-content\/uploads\/2025\/02\/logo51.png\",\"contentUrl\":\"https:\/\/euronatuurarch.be\/wp-content\/uploads\/2025\/02\/logo51.png\",\"width\":114,\"height\":60,\"caption\":\"Euro Natuur Architect\"},\"image\":{\"@id\":\"https:\/\/euronatuurarch.be\/#\/schema\/logo\/image\/\"}}]}<\/script>\n<!-- \/ Yoast SEO plugin. -->","yoast_head_json":{"title":"Page d'accueil - Euro Natuur Architect","robots":{"index":"index","follow":"follow","max-snippet":"max-snippet:-1","max-image-preview":"max-image-preview:large","max-video-preview":"max-video-preview:-1"},"canonical":"https:\/\/euronatuurarch.be\/fr","og_locale":"fr_FR","og_type":"article","og_title":"Page d'accueil - Euro Natuur Architect","og_description":"[vc_row content_placement=&#8221;middle&#8221; css=&#8221;.vc_custom_1580471293723{margin-right: 0px !important;margin-left: 0px !important;padding-top: 90px !important;padding-bottom: 90px !important;}&#8221;][vc_column parallax=&#8221;content-moving&#8221; parallax_image=&#8221;2302&#8243; width=&#8221;1\/2&#8243; css=&#8221;.vc_custom_1656042740872{margin-top: -60px !important;margin-right: 0px !important;padding-top: 200px !important;padding-right: 0px !important;padding-bottom: 200px !important;}&#8221;][\/vc_column][vc_column width=&#8221;1\/2&#8243; css=&#8221;.vc_custom_1580473381675{padding-top: 90px !important;padding-right: 12% !important;padding-bottom: 90px !important;padding-left: 12% !important;background-color: #ffffff !important;}&#8221;][vc_column_text css=&#8221;.vc_custom_1736598100810{margin-bottom: 30px !important;}&#8221;] La fra\u00eecheur des oc\u00e9ans, la fra\u00eecheur des for\u00eats d&#8217;Amazonie et bien d&#8217;autres environnements paisibles peuvent&hellip;","og_url":"https:\/\/euronatuurarch.be\/fr","og_site_name":"Euro Natuur Architect","article_modified_time":"2025-02-07T23:04:07+00:00","twitter_card":"summary_large_image","twitter_misc":{"Dur\u00e9e de lecture estim\u00e9e":"2 minutes"},"schema":{"@context":"https:\/\/schema.org","@graph":[{"@type":"WebPage","@id":"https:\/\/euronatuurarch.be\/fr","url":"https:\/\/euronatuurarch.be\/fr","name":"Page d'accueil - Euro Natuur Architect","isPartOf":{"@id":"https:\/\/euronatuurarch.be\/#website"},"datePublished":"2019-08-23T03:54:47+00:00","dateModified":"2025-02-07T23:04:07+00:00","breadcrumb":{"@id":"https:\/\/euronatuurarch.be\/fr#breadcrumb"},"inLanguage":"fr-FR","potentialAction":[{"@type":"ReadAction","target":["https:\/\/euronatuurarch.be\/fr"]}]},{"@type":"BreadcrumbList","@id":"https:\/\/euronatuurarch.be\/fr#breadcrumb","itemListElement":[{"@type":"ListItem","position":1,"name":"Accueil","item":"https:\/\/euronatuurarch.be\/fr"},{"@type":"ListItem","position":2,"name":"Page d&#8217;accueil"}]},{"@type":"WebSite","@id":"https:\/\/euronatuurarch.be\/#website","url":"https:\/\/euronatuurarch.be\/","name":"Euro Natuur Architect","description":"The story of the smile in architecture and design","publisher":{"@id":"https:\/\/euronatuurarch.be\/#organization"},"potentialAction":[{"@type":"SearchAction","target":{"@type":"EntryPoint","urlTemplate":"https:\/\/euronatuurarch.be\/?s={search_term_string}"},"query-input":{"@type":"PropertyValueSpecification","valueRequired":true,"valueName":"search_term_string"}}],"inLanguage":"fr-FR"},{"@type":"Organization","@id":"https:\/\/euronatuurarch.be\/#organization","name":"Euro Natuur Architect","url":"https:\/\/euronatuurarch.be\/","logo":{"@type":"ImageObject","inLanguage":"fr-FR","@id":"https:\/\/euronatuurarch.be\/#\/schema\/logo\/image\/","url":"https:\/\/euronatuurarch.be\/wp-content\/uploads\/2025\/02\/logo51.png","contentUrl":"https:\/\/euronatuurarch.be\/wp-content\/uploads\/2025\/02\/logo51.png","width":114,"height":60,"caption":"Euro Natuur Architect"},"image":{"@id":"https:\/\/euronatuurarch.be\/#\/schema\/logo\/image\/"}}]}},"_links":{"self":[{"href":"https:\/\/euronatuurarch.be\/fr\/wp-json\/wp\/v2\/pages\/3337","targetHints":{"allow":["GET"]}}],"collection":[{"href":"https:\/\/euronatuurarch.be\/fr\/wp-json\/wp\/v2\/pages"}],"about":[{"href":"https:\/\/euronatuurarch.be\/fr\/wp-json\/wp\/v2\/types\/page"}],"author":[{"embeddable":true,"href":"https:\/\/euronatuurarch.be\/fr\/wp-json\/wp\/v2\/users\/1"}],"replies":[{"embeddable":true,"href":"https:\/\/euronatuurarch.be\/fr\/wp-json\/wp\/v2\/comments?post=3337"}],"version-history":[{"count":7,"href":"https:\/\/euronatuurarch.be\/fr\/wp-json\/wp\/v2\/pages\/3337\/revisions"}],"predecessor-version":[{"id":3740,"href":"https:\/\/euronatuurarch.be\/fr\/wp-json\/wp\/v2\/pages\/3337\/revisions\/3740"}],"wp:attachment":[{"href":"https:\/\/euronatuurarch.be\/fr\/wp-json\/wp\/v2\/media?parent=3337"}],"curies":[{"name":"wp","href":"https:\/\/api.w.org\/{rel}","templated":true}]}}