{"id":721,"date":"2019-08-23T06:54:47","date_gmt":"2019-08-23T06:54:47","guid":{"rendered":"https:\/\/the7.io\/hotel\/?page_id=721"},"modified":"2025-02-08T02:05:13","modified_gmt":"2025-02-07T23:05:13","slug":"home-2","status":"publish","type":"page","link":"https:\/\/euronatuurarch.be\/tr","title":{"rendered":"Anasayfa"},"content":{"rendered":"<div class=\"wpb-content-wrapper\"><p>[vc_row content_placement=&#8221;middle&#8221; css=&#8221;.vc_custom_1580471293723{margin-right: 0px !important;margin-left: 0px !important;padding-top: 90px !important;padding-bottom: 90px !important;}&#8221;][vc_column parallax=&#8221;content-moving&#8221; parallax_image=&#8221;2302&#8243; width=&#8221;1\/2&#8243; css=&#8221;.vc_custom_1656042740872{margin-top: -60px !important;margin-right: 0px !important;padding-top: 200px !important;padding-right: 0px !important;padding-bottom: 200px !important;}&#8221;][\/vc_column][vc_column width=&#8221;1\/2&#8243; css=&#8221;.vc_custom_1580473381675{padding-top: 90px !important;padding-right: 12% !important;padding-bottom: 90px !important;padding-left: 12% !important;background-color: #ffffff !important;}&#8221;]<div id=\"ultimate-heading-793669d625c6ece4c\" class=\"uvc-heading ult-adjust-bottom-margin ultimate-heading-793669d625c6ece4c uvc-1615  uvc-heading-default-font-sizes\" data-hspacer=\"no_spacer\"  data-halign=\"left\" style=\"text-align:left\"><div class=\"uvc-heading-spacer no_spacer\" style=\"top\"><\/div><div class=\"uvc-main-heading ult-responsive\"  data-ultimate-target='.uvc-heading.ultimate-heading-793669d625c6ece4c p'  data-responsive-json-new='{\"font-size\":\"\",\"line-height\":\"\"}' ><p style=\"--font-weight:theme;margin-bottom:20px;\">Euro Natuur Architect 'e Ho\u015fgeldiniz.<\/p><\/div><div class=\"uvc-sub-heading ult-responsive\"  data-ultimate-target='.uvc-heading.ultimate-heading-793669d625c6ece4c .uvc-sub-heading '  data-responsive-json-new='{\"font-size\":\"\",\"line-height\":\"\"}'  style=\"font-weight:normal;margin-bottom:35px;\"><\/p>\n<h2 class=\"fancy-subtitle start-animation-done start-animation\">Bizim hizmetlerimizle,<\/h2>\n<h2 class=\"fancy-subtitle start-animation-done start-animation\">Arad\u0131\u011f\u0131n\u0131z huzuru, mutlulu\u011fu evinizde ya\u015fay\u0131n.<\/h2>\n<p><\/div><\/div>[vc_column_text css=&#8221;.vc_custom_1656069981299{margin-bottom: 30px !important;}&#8221;]<\/p>\n<p style=\"text-align: left;\">Okyanuslar\u0131n serinli\u011fi, amazon ormanlar\u0131n\u0131n ferahl\u0131\u011f\u0131, ve daha pek huzur ortam\u0131n\u0131n \u00e7o\u011fu, sizin ya\u015fam alanlar\u0131n\u0131zda, bizlerin verece\u011fi hizmetlerle ger\u00e7ekle\u015febilir. \u00c7\u00fcnk\u00fc tebess\u00fcm\u00fcn\u00fcz bizim i\u00e7in \u00e7ok de\u011ferli.<\/p>\n<p>[\/vc_column_text][\/vc_column][\/vc_row][vc_row full_width=&#8221;stretch_row&#8221; content_placement=&#8221;middle&#8221; bg_type=&#8221;image&#8221; parallax_style=&#8221;vcpb-vz-jquery&#8221; bg_image_new=&#8221;id^2371|url^https:\/\/euronatuurarch.be\/wp-content\/uploads\/2022\/06\/1-4.jpg|caption^null|alt^null|title^1|description^null&#8221; bg_image_repeat=&#8221;repeat-y&#8221; parallax_sense=&#8221;60&#8243; bg_override=&#8221;full&#8221; enable_overlay=&#8221;enable_overlay_value&#8221; overlay_color=&#8221;rgba(0,0,0,0.5)&#8221; css=&#8221;.vc_custom_1656045703706{margin-bottom: 80px !important;padding-top: 90px !important;padding-bottom: 50px !important;}&#8221;][vc_column width=&#8221;5\/6&#8243; offset=&#8221;vc_col-lg-offset-1 vc_col-lg-10 vc_col-md-offset-1 vc_col-md-10 vc_col-sm-offset-1&#8243;]<div id=\"ultimate-heading-129669d625c6ece9f\" class=\"uvc-heading ult-adjust-bottom-margin ultimate-heading-129669d625c6ece9f uvc-4885  uvc-heading-default-font-sizes\" data-hspacer=\"no_spacer\"  data-halign=\"center\" style=\"text-align:center\"><div class=\"uvc-heading-spacer no_spacer\" style=\"top\"><\/div><div class=\"uvc-main-heading ult-responsive\"  data-ultimate-target='.uvc-heading.ultimate-heading-129669d625c6ece9f p'  data-responsive-json-new='{\"font-size\":\"\",\"line-height\":\"\"}' ><p style=\"--font-weight:theme;color:#ffffff;margin-bottom:20px;\">2025 y\u0131l\u0131 i\u00e7 mekan tasar\u0131m ve uygulamalar\u0131ndan faydalanmak i\u00e7in<\/p><\/div><div class=\"uvc-sub-heading ult-responsive\"  data-ultimate-target='.uvc-heading.ultimate-heading-129669d625c6ece9f .uvc-sub-heading '  data-responsive-json-new='{\"font-size\":\"\",\"line-height\":\"\"}'  style=\"font-weight:normal;color:#ffffff;margin-bottom:20px;\"><\/p>\n<h2><span style=\"color: #ffffff;\">Bizim talep formumuzu doldurunuz. Sizi arayal\u0131m. <\/span><\/h2>\n<p><\/div><\/div><span id=\"creative-link-wrap-1972\" class=\"ult_main_cl ult-adjust-bottom-margin  \" >\n\t \t\t\t<span class=\"ult_cl_link_3  ult_crlink\" >\n\t\t\t\t\t<a  data-ultimate-target='#creative-link-wrap-1972 .ult_colorlink'  data-responsive-json-new='{\"font-size\":\"\",\"line-height\":\"\"}'  href=\"https:\/\/euronatuurarch.be\/tadilat-basvuru-formu\/\" title=\"Tadilat Ba\u015fvuru Formu\"  class=\"ult_colorlink ult-responsive  vc_custom_1656025210555\" style=\"font-weight:normal; \"  data-textcolor=\"#ffffff\" data-texthover=\"#ffffff\"data-style=\"Style_3\">\n\t\t\t\t\t\t\n\t\t\t\t\t\t<span data-hover=\"Tadilat Ba\u015fvuru Formu\" style=\"color:#ffffff;;;\" class=\"ult_btn10_span   \">Tadilat Ba\u015fvuru Formu<\/span>\n\t\t\t\t\t\t<span class=\"ult_link_btm3 \" style=\"border-color:#ffffff;border-bottom-width:2px;border-style:solid;\"><\/span>\n\t\t\t\t\t<\/a>\n\t\t\t\t<\/span>\n\t\t\t<\/span>[\/vc_column][\/vc_row]<\/p>\n<\/div>","protected":false},"excerpt":{"rendered":"<p>[vc_row content_placement=&#8221;middle&#8221; css=&#8221;.vc_custom_1580471293723{margin-right: 0px !important;margin-left: 0px !important;padding-top: 90px !important;padding-bottom: 90px !important;}&#8221;][vc_column parallax=&#8221;content-moving&#8221; parallax_image=&#8221;2302&#8243; width=&#8221;1\/2&#8243; css=&#8221;.vc_custom_1656042740872{margin-top: -60px !important;margin-right: 0px !important;padding-top: 200px !important;padding-right: 0px !important;padding-bottom: 200px !important;}&#8221;][\/vc_column][vc_column width=&#8221;1\/2&#8243; css=&#8221;.vc_custom_1580473381675{padding-top: 90px !important;padding-right: 12% !important;padding-bottom: 90px !important;padding-left: 12% !important;background-color: #ffffff !important;}&#8221;][vc_column_text css=&#8221;.vc_custom_1656069981299{margin-bottom: 30px !important;}&#8221;] Okyanuslar\u0131n serinli\u011fi, amazon ormanlar\u0131n\u0131n ferahl\u0131\u011f\u0131, ve daha pek huzur ortam\u0131n\u0131n \u00e7o\u011fu, sizin ya\u015fam alanlar\u0131n\u0131zda, bizlerin&hellip;<\/p>\n","protected":false},"author":1,"featured_media":0,"parent":0,"menu_order":0,"comment_status":"closed","ping_status":"closed","template":"","meta":{"footnotes":""},"class_list":["post-721","page","type-page","status-publish","hentry","description-off"],"yoast_head":"<!-- This site is optimized with the Yoast SEO plugin v24.4 - https:\/\/yoast.com\/wordpress\/plugins\/seo\/ -->\n<title>Anasayfa - Euro Natuur Architect<\/title>\n<meta name=\"robots\" content=\"index, follow, max-snippet:-1, max-image-preview:large, max-video-preview:-1\" \/>\n<link rel=\"canonical\" href=\"https:\/\/euronatuurarch.be\/tr\" \/>\n<meta property=\"og:locale\" content=\"tr_TR\" \/>\n<meta property=\"og:type\" content=\"article\" \/>\n<meta property=\"og:title\" content=\"Anasayfa - Euro Natuur Architect\" \/>\n<meta property=\"og:description\" content=\"[vc_row content_placement=&#8221;middle&#8221; css=&#8221;.vc_custom_1580471293723{margin-right: 0px !important;margin-left: 0px !important;padding-top: 90px !important;padding-bottom: 90px !important;}&#8221;][vc_column parallax=&#8221;content-moving&#8221; parallax_image=&#8221;2302&#8243; width=&#8221;1\/2&#8243; css=&#8221;.vc_custom_1656042740872{margin-top: -60px !important;margin-right: 0px !important;padding-top: 200px !important;padding-right: 0px !important;padding-bottom: 200px !important;}&#8221;][\/vc_column][vc_column width=&#8221;1\/2&#8243; css=&#8221;.vc_custom_1580473381675{padding-top: 90px !important;padding-right: 12% !important;padding-bottom: 90px !important;padding-left: 12% !important;background-color: #ffffff !important;}&#8221;][vc_column_text css=&#8221;.vc_custom_1656069981299{margin-bottom: 30px !important;}&#8221;] Okyanuslar\u0131n serinli\u011fi, amazon ormanlar\u0131n\u0131n ferahl\u0131\u011f\u0131, ve daha pek huzur ortam\u0131n\u0131n \u00e7o\u011fu, sizin ya\u015fam alanlar\u0131n\u0131zda, bizlerin&hellip;\" \/>\n<meta property=\"og:url\" content=\"https:\/\/euronatuurarch.be\/tr\" \/>\n<meta property=\"og:site_name\" content=\"Euro Natuur Architect\" \/>\n<meta property=\"article:modified_time\" content=\"2025-02-07T23:05:13+00:00\" \/>\n<meta name=\"twitter:card\" content=\"summary_large_image\" \/>\n<meta name=\"twitter:label1\" content=\"Tahmini okuma s\u00fcresi\" \/>\n\t<meta name=\"twitter:data1\" content=\"1 dakika\" \/>\n<script type=\"application\/ld+json\" class=\"yoast-schema-graph\">{\"@context\":\"https:\/\/schema.org\",\"@graph\":[{\"@type\":\"WebPage\",\"@id\":\"https:\/\/euronatuurarch.be\/tr\",\"url\":\"https:\/\/euronatuurarch.be\/tr\",\"name\":\"Anasayfa - Euro Natuur Architect\",\"isPartOf\":{\"@id\":\"https:\/\/euronatuurarch.be\/#website\"},\"datePublished\":\"2019-08-23T06:54:47+00:00\",\"dateModified\":\"2025-02-07T23:05:13+00:00\",\"breadcrumb\":{\"@id\":\"https:\/\/euronatuurarch.be\/tr#breadcrumb\"},\"inLanguage\":\"tr\",\"potentialAction\":[{\"@type\":\"ReadAction\",\"target\":[\"https:\/\/euronatuurarch.be\/tr\"]}]},{\"@type\":\"BreadcrumbList\",\"@id\":\"https:\/\/euronatuurarch.be\/tr#breadcrumb\",\"itemListElement\":[{\"@type\":\"ListItem\",\"position\":1,\"name\":\"Accueil\",\"item\":\"https:\/\/euronatuurarch.be\/tr\"},{\"@type\":\"ListItem\",\"position\":2,\"name\":\"Anasayfa\"}]},{\"@type\":\"WebSite\",\"@id\":\"https:\/\/euronatuurarch.be\/#website\",\"url\":\"https:\/\/euronatuurarch.be\/\",\"name\":\"Euro Natuur Architect\",\"description\":\"The story of the smile in architecture and design\",\"publisher\":{\"@id\":\"https:\/\/euronatuurarch.be\/#organization\"},\"potentialAction\":[{\"@type\":\"SearchAction\",\"target\":{\"@type\":\"EntryPoint\",\"urlTemplate\":\"https:\/\/euronatuurarch.be\/?s={search_term_string}\"},\"query-input\":{\"@type\":\"PropertyValueSpecification\",\"valueRequired\":true,\"valueName\":\"search_term_string\"}}],\"inLanguage\":\"tr\"},{\"@type\":\"Organization\",\"@id\":\"https:\/\/euronatuurarch.be\/#organization\",\"name\":\"Euro Natuur Architect\",\"url\":\"https:\/\/euronatuurarch.be\/\",\"logo\":{\"@type\":\"ImageObject\",\"inLanguage\":\"tr\",\"@id\":\"https:\/\/euronatuurarch.be\/#\/schema\/logo\/image\/\",\"url\":\"https:\/\/euronatuurarch.be\/wp-content\/uploads\/2025\/02\/logo51.png\",\"contentUrl\":\"https:\/\/euronatuurarch.be\/wp-content\/uploads\/2025\/02\/logo51.png\",\"width\":114,\"height\":60,\"caption\":\"Euro Natuur Architect\"},\"image\":{\"@id\":\"https:\/\/euronatuurarch.be\/#\/schema\/logo\/image\/\"}}]}<\/script>\n<!-- \/ Yoast SEO plugin. -->","yoast_head_json":{"title":"Anasayfa - Euro Natuur Architect","robots":{"index":"index","follow":"follow","max-snippet":"max-snippet:-1","max-image-preview":"max-image-preview:large","max-video-preview":"max-video-preview:-1"},"canonical":"https:\/\/euronatuurarch.be\/tr","og_locale":"tr_TR","og_type":"article","og_title":"Anasayfa - Euro Natuur Architect","og_description":"[vc_row content_placement=&#8221;middle&#8221; css=&#8221;.vc_custom_1580471293723{margin-right: 0px !important;margin-left: 0px !important;padding-top: 90px !important;padding-bottom: 90px !important;}&#8221;][vc_column parallax=&#8221;content-moving&#8221; parallax_image=&#8221;2302&#8243; width=&#8221;1\/2&#8243; css=&#8221;.vc_custom_1656042740872{margin-top: -60px !important;margin-right: 0px !important;padding-top: 200px !important;padding-right: 0px !important;padding-bottom: 200px !important;}&#8221;][\/vc_column][vc_column width=&#8221;1\/2&#8243; css=&#8221;.vc_custom_1580473381675{padding-top: 90px !important;padding-right: 12% !important;padding-bottom: 90px !important;padding-left: 12% !important;background-color: #ffffff !important;}&#8221;][vc_column_text css=&#8221;.vc_custom_1656069981299{margin-bottom: 30px !important;}&#8221;] Okyanuslar\u0131n serinli\u011fi, amazon ormanlar\u0131n\u0131n ferahl\u0131\u011f\u0131, ve daha pek huzur ortam\u0131n\u0131n \u00e7o\u011fu, sizin ya\u015fam alanlar\u0131n\u0131zda, bizlerin&hellip;","og_url":"https:\/\/euronatuurarch.be\/tr","og_site_name":"Euro Natuur Architect","article_modified_time":"2025-02-07T23:05:13+00:00","twitter_card":"summary_large_image","twitter_misc":{"Tahmini okuma s\u00fcresi":"1 dakika"},"schema":{"@context":"https:\/\/schema.org","@graph":[{"@type":"WebPage","@id":"https:\/\/euronatuurarch.be\/tr","url":"https:\/\/euronatuurarch.be\/tr","name":"Anasayfa - Euro Natuur Architect","isPartOf":{"@id":"https:\/\/euronatuurarch.be\/#website"},"datePublished":"2019-08-23T06:54:47+00:00","dateModified":"2025-02-07T23:05:13+00:00","breadcrumb":{"@id":"https:\/\/euronatuurarch.be\/tr#breadcrumb"},"inLanguage":"tr","potentialAction":[{"@type":"ReadAction","target":["https:\/\/euronatuurarch.be\/tr"]}]},{"@type":"BreadcrumbList","@id":"https:\/\/euronatuurarch.be\/tr#breadcrumb","itemListElement":[{"@type":"ListItem","position":1,"name":"Accueil","item":"https:\/\/euronatuurarch.be\/tr"},{"@type":"ListItem","position":2,"name":"Anasayfa"}]},{"@type":"WebSite","@id":"https:\/\/euronatuurarch.be\/#website","url":"https:\/\/euronatuurarch.be\/","name":"Euro Natuur Architect","description":"The story of the smile in architecture and design","publisher":{"@id":"https:\/\/euronatuurarch.be\/#organization"},"potentialAction":[{"@type":"SearchAction","target":{"@type":"EntryPoint","urlTemplate":"https:\/\/euronatuurarch.be\/?s={search_term_string}"},"query-input":{"@type":"PropertyValueSpecification","valueRequired":true,"valueName":"search_term_string"}}],"inLanguage":"tr"},{"@type":"Organization","@id":"https:\/\/euronatuurarch.be\/#organization","name":"Euro Natuur Architect","url":"https:\/\/euronatuurarch.be\/","logo":{"@type":"ImageObject","inLanguage":"tr","@id":"https:\/\/euronatuurarch.be\/#\/schema\/logo\/image\/","url":"https:\/\/euronatuurarch.be\/wp-content\/uploads\/2025\/02\/logo51.png","contentUrl":"https:\/\/euronatuurarch.be\/wp-content\/uploads\/2025\/02\/logo51.png","width":114,"height":60,"caption":"Euro Natuur Architect"},"image":{"@id":"https:\/\/euronatuurarch.be\/#\/schema\/logo\/image\/"}}]}},"_links":{"self":[{"href":"https:\/\/euronatuurarch.be\/tr\/wp-json\/wp\/v2\/pages\/721","targetHints":{"allow":["GET"]}}],"collection":[{"href":"https:\/\/euronatuurarch.be\/tr\/wp-json\/wp\/v2\/pages"}],"about":[{"href":"https:\/\/euronatuurarch.be\/tr\/wp-json\/wp\/v2\/types\/page"}],"author":[{"embeddable":true,"href":"https:\/\/euronatuurarch.be\/tr\/wp-json\/wp\/v2\/users\/1"}],"replies":[{"embeddable":true,"href":"https:\/\/euronatuurarch.be\/tr\/wp-json\/wp\/v2\/comments?post=721"}],"version-history":[{"count":13,"href":"https:\/\/euronatuurarch.be\/tr\/wp-json\/wp\/v2\/pages\/721\/revisions"}],"predecessor-version":[{"id":3741,"href":"https:\/\/euronatuurarch.be\/tr\/wp-json\/wp\/v2\/pages\/721\/revisions\/3741"}],"wp:attachment":[{"href":"https:\/\/euronatuurarch.be\/tr\/wp-json\/wp\/v2\/media?parent=721"}],"curies":[{"name":"wp","href":"https:\/\/api.w.org\/{rel}","templated":true}]}}